{"id":3127,"date":"2025-10-02T09:08:18","date_gmt":"2025-10-02T09:08:18","guid":{"rendered":"https:\/\/apartments-chania.gr\/new\/?page_id=3127"},"modified":"2025-10-02T11:50:17","modified_gmt":"2025-10-02T11:50:17","slug":"privacy-policy-2","status":"publish","type":"page","link":"https:\/\/apartments-chania.gr\/de\/privacy-policy-2\/","title":{"rendered":"Datenschutzrichtlinie"},"content":{"rendered":"<div data-elementor-type=\"wp-page\" data-elementor-id=\"3127\" class=\"elementor elementor-3127\" data-elementor-post-type=\"page\">\n\t\t\t\t<div class=\"elementor-element elementor-element-a660916 e-con-full e-flex e-con e-parent\" data-id=\"a660916\" data-element_type=\"container\" data-e-type=\"container\" data-settings=\"{&quot;ekit_has_onepagescroll_dot&quot;:&quot;yes&quot;}\">\n\t\t\t\t<div class=\"elementor-element elementor-element-c0b84af elementor-widget elementor-widget-image\" data-id=\"c0b84af\" data-element_type=\"widget\" data-e-type=\"widget\" data-settings=\"{&quot;ekit_we_effect_on&quot;:&quot;none&quot;}\" data-widget_type=\"image.default\">\n\t\t\t\t\t\t\t\t\t\t\t\t\t\t\t<img fetchpriority=\"high\" decoding=\"async\" width=\"2560\" height=\"1423\" src=\"https:\/\/apartments-chania.gr\/wp-content\/uploads\/2025\/10\/jason-dent-JFk0dVyvdvw-unsplash-scaled-1.jpeg\" class=\"attachment-full size-full wp-image-3134\" alt=\"\" srcset=\"https:\/\/apartments-chania.gr\/wp-content\/uploads\/2025\/10\/jason-dent-JFk0dVyvdvw-unsplash-scaled-1.jpeg 2560w, https:\/\/apartments-chania.gr\/wp-content\/uploads\/2025\/10\/jason-dent-JFk0dVyvdvw-unsplash-scaled-1-300x167.jpeg 300w, https:\/\/apartments-chania.gr\/wp-content\/uploads\/2025\/10\/jason-dent-JFk0dVyvdvw-unsplash-scaled-1-1024x569.jpeg 1024w, https:\/\/apartments-chania.gr\/wp-content\/uploads\/2025\/10\/jason-dent-JFk0dVyvdvw-unsplash-scaled-1-768x427.jpeg 768w, https:\/\/apartments-chania.gr\/wp-content\/uploads\/2025\/10\/jason-dent-JFk0dVyvdvw-unsplash-scaled-1-1536x854.jpeg 1536w, https:\/\/apartments-chania.gr\/wp-content\/uploads\/2025\/10\/jason-dent-JFk0dVyvdvw-unsplash-scaled-1-2048x1138.jpeg 2048w, https:\/\/apartments-chania.gr\/wp-content\/uploads\/2025\/10\/jason-dent-JFk0dVyvdvw-unsplash-scaled-1-18x10.jpeg 18w\" sizes=\"(max-width: 2560px) 100vw, 2560px\" \/>\t\t\t\t\t\t\t\t\t\t\t\t\t\t\t<\/div>\n\t\t\t\t<div class=\"elementor-element elementor-element-daf5ae6 elementor-widget elementor-widget-heading\" data-id=\"daf5ae6\" data-element_type=\"widget\" data-e-type=\"widget\" data-settings=\"{&quot;ekit_we_effect_on&quot;:&quot;none&quot;}\" data-widget_type=\"heading.default\">\n\t\t\t\t\t<h2 class=\"elementor-heading-title elementor-size-default\">Datenschutzrichtlinie<\/h2>\t\t\t\t<\/div>\n\t\t\t\t<div class=\"elementor-element elementor-element-f71e1e9 elementor-widget elementor-widget-text-editor\" data-id=\"f71e1e9\" data-element_type=\"widget\" data-e-type=\"widget\" data-settings=\"{&quot;ekit_we_effect_on&quot;:&quot;none&quot;}\" data-widget_type=\"text-editor.default\">\n\t\t\t\t\t\t\t\t\t<p data-start=\"360\" data-end=\"701\"><strong data-start=\"360\" data-end=\"379\">1. Einleitung<\/strong><br data-start=\"379\" data-end=\"382\" \/>Willkommen bei Apartments Chania (\u201ewir\u201c, \u201euns\u201c, \u201eunser\u201c). Wir verpflichten uns, Ihre Privatsph\u00e4re zu sch\u00fctzen und zu respektieren. Diese Datenschutzrichtlinie erl\u00e4utert, wie wir Ihre personenbezogenen Daten erheben, verwenden, speichern, weitergeben und sch\u00fctzen, wenn Sie unsere Website besuchen oder nutzen <strong data-start=\"624\" data-end=\"648\">apartments-chania.gr<\/strong>, or interact with us (e.g. bookings, contact forms).<\/p><p data-start=\"703\" data-end=\"797\"><strong data-start=\"703\" data-end=\"725\">2. Von uns erhobene Daten<\/strong><br data-start=\"725\" data-end=\"728\" \/>Wir k\u00f6nnen die folgenden Kategorien personenbezogener Daten erheben und verarbeiten:<\/p><ul data-start=\"799\" data-end=\"1365\"><li data-start=\"799\" data-end=\"875\"><p data-start=\"801\" data-end=\"875\"><strong data-start=\"801\" data-end=\"828\">Identit\u00e4ts-\/Kontaktdaten<\/strong>: name, address, phone number, email address.<\/p><\/li><li data-start=\"876\" data-end=\"993\"><p data-start=\"878\" data-end=\"993\"><strong data-start=\"878\" data-end=\"894\">Buchungsdaten<\/strong>: information related to your reservation (dates, number of guests, room type, special requests).<\/p><\/li><li data-start=\"994\" data-end=\"1128\"><p data-start=\"996\" data-end=\"1128\"><strong data-start=\"996\" data-end=\"1012\">Payment Data<\/strong>: transaction \/ billing details (card information, billing address) \u2014 processed by third\u2010party payment processors.<\/p><\/li><li data-start=\"1129\" data-end=\"1252\"><p data-start=\"1131\" data-end=\"1252\"><strong data-start=\"1131\" data-end=\"1157\">Technical \/ Usage Data<\/strong>: IP address, browser type, operating system, pages visited, time &amp; date, referring URL, etc.<\/p><\/li><li data-start=\"1253\" data-end=\"1365\"><p data-start=\"1255\" data-end=\"1365\"><strong data-start=\"1255\" data-end=\"1278\">Kommunikationsdaten<\/strong>: alle Nachrichten, die Sie uns senden (z. B. \u00fcber Kontakt- oder Anfrageformulare), Feedback, Bewertungen.<\/p><\/li><\/ul><p data-start=\"1367\" data-end=\"1462\"><strong data-start=\"1367\" data-end=\"1394\">3. How We Use Your Data<\/strong><br data-start=\"1394\" data-end=\"1397\" \/>We use personal data for purposes including (but not limited to):<\/p><ul data-start=\"1464\" data-end=\"1826\"><li data-start=\"1464\" data-end=\"1502\"><p data-start=\"1466\" data-end=\"1502\">Zur Bearbeitung und Verwaltung Ihrer Buchung<\/p><\/li><li data-start=\"1503\" data-end=\"1577\"><p data-start=\"1505\" data-end=\"1577\">Um mit Ihnen zu kommunizieren (Best\u00e4tigungen, Aktualisierungen, Beantwortung von Anfragen)<\/p><\/li><li data-start=\"1578\" data-end=\"1618\"><p data-start=\"1580\" data-end=\"1618\">F\u00fcr Abrechnung, Rechnungsstellung und Zahlungen<\/p><\/li><li data-start=\"1619\" data-end=\"1688\"><p data-start=\"1621\" data-end=\"1688\">Zur Verbesserung unserer Website und Dienste (Analyse, Nutzungsstatistiken)<\/p><\/li><li data-start=\"1689\" data-end=\"1752\"><p data-start=\"1691\" data-end=\"1752\">Zur Erf\u00fcllung gesetzlicher Verpflichtungen (z. B. Steuern, Buchf\u00fchrung)<\/p><\/li><li data-start=\"1753\" data-end=\"1826\"><p data-start=\"1755\" data-end=\"1826\">F\u00fcr Direktmarketing (wenn Sie dem Erhalt von Werbenachrichten zustimmen)<\/p><\/li><\/ul><p data-start=\"1828\" data-end=\"1916\"><strong data-start=\"1828\" data-end=\"1861\">4. Legal Basis for Processing<\/strong><br data-start=\"1861\" data-end=\"1864\" \/>We rely on one or more of the following legal bases:<\/p><ul data-start=\"1918\" data-end=\"2206\"><li data-start=\"1918\" data-end=\"1979\"><p data-start=\"1920\" data-end=\"1979\">Vertrag: Zur Erf\u00fcllung unseres Vertrags mit Ihnen (z. B. Buchung)<\/p><\/li><li data-start=\"1980\" data-end=\"2070\"><p data-start=\"1982\" data-end=\"2070\">Berechtigte Interessen: beispielsweise Verbesserung unserer Dienste, Betrugspr\u00e4vention, Analytik<\/p><\/li><li data-start=\"2071\" data-end=\"2148\"><p data-start=\"2073\" data-end=\"2148\">Einwilligung: wenn Sie Ihre Einwilligung erteilt haben (z. B. f\u00fcr Marketingkommunikation)<\/p><\/li><li data-start=\"2149\" data-end=\"2206\"><p data-start=\"2151\" data-end=\"2206\">Gesetzliche Verpflichtung: Einhaltung von Gesetzen und Vorschriften<\/p><\/li><\/ul><p data-start=\"2208\" data-end=\"2280\"><strong data-start=\"2208\" data-end=\"2240\">5. Data Sharing &amp; Disclosure<\/strong><br data-start=\"2240\" data-end=\"2243\" \/>We may share your personal data with:<\/p><ul data-start=\"2282\" data-end=\"2563\"><li data-start=\"2282\" data-end=\"2381\"><p data-start=\"2284\" data-end=\"2381\">Dienstleister und Partner (z. B. Zahlungsabwickler, Buchungsmaschinen, IT-\/Hosting-Anbieter)<\/p><\/li><li data-start=\"2382\" data-end=\"2438\"><p data-start=\"2384\" data-end=\"2438\">Rechtliche oder beh\u00f6rdliche Vorschriften, wenn dies gesetzlich vorgeschrieben ist<\/p><\/li><li data-start=\"2439\" data-end=\"2493\"><p data-start=\"2441\" data-end=\"2493\">Unsere Partner oder Vertreter, die uns bei der Abwicklung unterst\u00fctzen<\/p><\/li><li data-start=\"2494\" data-end=\"2563\"><p data-start=\"2496\" data-end=\"2563\">Potenzielle K\u00e4ufer oder Nachfolger im Falle eines Verkaufs oder einer Fusion<\/p><\/li><\/ul><p data-start=\"2565\" data-end=\"2774\"><strong data-start=\"2565\" data-end=\"2586\">6. Data Retention<\/strong><br data-start=\"2586\" data-end=\"2589\" \/>We will retain your personal data for as long as necessary to fulfill the purposes for which it was collected, comply with legal obligations, resolve disputes, and enforce our policies.<\/p><p data-start=\"2776\" data-end=\"2945\"><strong data-start=\"2776\" data-end=\"2791\">7. Security<\/strong><br data-start=\"2791\" data-end=\"2794\" \/>We use administrative, technical, and physical measures to protect your personal data from unauthorized access, alteration, disclosure, or destruction.<\/p><p data-start=\"2947\" data-end=\"3028\"><strong data-start=\"2947\" data-end=\"2965\">8. Ihre Rechte<\/strong><br data-start=\"2965\" data-end=\"2968\" \/>Abh\u00e4ngig von Ihrer Gerichtsbarkeit haben Sie m\u00f6glicherweise folgende Rechte:<\/p><ul data-start=\"3030\" data-end=\"3356\"><li data-start=\"3030\" data-end=\"3085\"><p data-start=\"3032\" data-end=\"3085\">Recht auf Zugriff auf die personenbezogenen Daten, die wir \u00fcber Sie gespeichert haben<\/p><\/li><li data-start=\"3086\" data-end=\"3126\"><p data-start=\"3088\" data-end=\"3126\">Recht auf Berichtigung oder Aktualisierung Ihrer Daten<\/p><\/li><li data-start=\"3127\" data-end=\"3173\"><p data-start=\"3129\" data-end=\"3173\">Recht auf L\u00f6schung (\u201eRecht auf Vergessenwerden\u201c)<\/p><\/li><li data-start=\"3174\" data-end=\"3219\"><p data-start=\"3176\" data-end=\"3219\">Recht auf Einschr\u00e4nkung oder Widerspruch gegen die Verarbeitung<\/p><\/li><li data-start=\"3220\" data-end=\"3249\"><p data-start=\"3222\" data-end=\"3249\">Recht auf Daten\u00fcbertragbarkeit<\/p><\/li><li data-start=\"3250\" data-end=\"3296\"><p data-start=\"3252\" data-end=\"3296\">Recht auf Widerruf der Einwilligung (sofern relevant)<\/p><\/li><li data-start=\"3297\" data-end=\"3356\"><p data-start=\"3299\" data-end=\"3356\">Recht auf Beschwerde bei einer Aufsichtsbeh\u00f6rde<\/p><\/li><\/ul><p data-start=\"3358\" data-end=\"3427\">Um diese Rechte auszu\u00fcben, kontaktieren Sie uns bitte (siehe \u201eKontakt\u201c weiter unten).<\/p><p data-start=\"3429\" data-end=\"3616\"><strong data-start=\"3429\" data-end=\"3459\">9. Internationale \u00dcbermittlungen<\/strong><br data-start=\"3459\" data-end=\"3462\" \/>Wenn wir Ihre Daten au\u00dferhalb des Europ\u00e4ischen Wirtschaftsraums (EWR) \u00fcbermitteln, stellen wir sicher, dass entsprechende Sicherheitsvorkehrungen getroffen werden (z. B. Standardvertragsklauseln).<\/p><p data-start=\"3618\" data-end=\"3752\"><strong data-start=\"3618\" data-end=\"3634\">10. Kinder<\/strong><br data-start=\"3634\" data-end=\"3637\" \/>Unsere Dienste richten sich nicht an Kinder unter 16 Jahren. Wir erheben wissentlich keine personenbezogenen Daten von Minderj\u00e4hrigen unter 16 Jahren.<\/p><p data-start=\"3754\" data-end=\"3958\"><strong data-start=\"3754\" data-end=\"3784\">11. \u00c4nderungen dieser Richtlinie<\/strong><br data-start=\"3784\" data-end=\"3787\" \/>Wir behalten uns das Recht vor, diese Datenschutzrichtlinie jederzeit zu aktualisieren. Das Datum der letzten Aktualisierung wird oben in der Richtlinie angezeigt. Wir empfehlen Ihnen, diese regelm\u00e4\u00dfig zu \u00fcberpr\u00fcfen.<\/p><p data-start=\"3960\" data-end=\"4166\"><strong data-start=\"3960\" data-end=\"3978\">12. Contact Us<\/strong><br data-start=\"3978\" data-end=\"3981\" \/>Wenn Sie Fragen, Bedenken oder Anfragen bez\u00fcglich dieser Datenschutzrichtlinie oder Ihrer personenbezogenen Daten haben, k\u00f6nnen Sie uns unter folgender Adresse kontaktieren:<br data-start=\"4104\" data-end=\"4107\" \/>Email <a class=\"decorated-link cursor-pointer\" rel=\"noopener\" data-start=\"4114\" data-end=\"4139\">info@apartments-chania.gr<\/a><\/p>\t\t\t\t\t\t\t\t<\/div>\n\t\t\t\t<\/div>\n\t\t\t\t<\/div>","protected":false},"excerpt":{"rendered":"<p>Privacy Policy 1. IntroductionWelcome to Apartments Chania (\u201cwe\u201d, \u201cus\u201d, \u201cour\u201d). We are committed to protecting and respecting your privacy. This Privacy Policy explains how we collect, use, store, disclose, and protect your personal data when you visit or use our website apartments-chania.gr, or interact with us (e.g. bookings, contact forms). 2. Data We CollectWe may [&hellip;]<\/p>\n","protected":false},"author":1,"featured_media":0,"parent":0,"menu_order":0,"comment_status":"closed","ping_status":"closed","template":"","meta":{"footnotes":""},"class_list":["post-3127","page","type-page","status-publish","hentry"],"_links":{"self":[{"href":"https:\/\/apartments-chania.gr\/de\/wp-json\/wp\/v2\/pages\/3127","targetHints":{"allow":["GET"]}}],"collection":[{"href":"https:\/\/apartments-chania.gr\/de\/wp-json\/wp\/v2\/pages"}],"about":[{"href":"https:\/\/apartments-chania.gr\/de\/wp-json\/wp\/v2\/types\/page"}],"author":[{"embeddable":true,"href":"https:\/\/apartments-chania.gr\/de\/wp-json\/wp\/v2\/users\/1"}],"replies":[{"embeddable":true,"href":"https:\/\/apartments-chania.gr\/de\/wp-json\/wp\/v2\/comments?post=3127"}],"version-history":[{"count":40,"href":"https:\/\/apartments-chania.gr\/de\/wp-json\/wp\/v2\/pages\/3127\/revisions"}],"predecessor-version":[{"id":3343,"href":"https:\/\/apartments-chania.gr\/de\/wp-json\/wp\/v2\/pages\/3127\/revisions\/3343"}],"wp:attachment":[{"href":"https:\/\/apartments-chania.gr\/de\/wp-json\/wp\/v2\/media?parent=3127"}],"curies":[{"name":"wp","href":"https:\/\/api.w.org\/{rel}","templated":true}]}}