{"id":3144,"date":"2025-10-02T09:32:12","date_gmt":"2025-10-02T09:32:12","guid":{"rendered":"https:\/\/apartments-chania.gr\/new\/?page_id=3144"},"modified":"2025-10-02T11:57:11","modified_gmt":"2025-10-02T11:57:11","slug":"cookies-policy","status":"publish","type":"page","link":"https:\/\/apartments-chania.gr\/de\/cookies-policy\/","title":{"rendered":"Cookies-Richtlinie"},"content":{"rendered":"<div data-elementor-type=\"wp-page\" data-elementor-id=\"3144\" class=\"elementor elementor-3144\" data-elementor-post-type=\"page\">\n\t\t\t\t<div class=\"elementor-element elementor-element-0a230ac e-flex e-con-boxed e-con e-parent\" data-id=\"0a230ac\" data-element_type=\"container\" data-e-type=\"container\" data-settings=\"{&quot;ekit_has_onepagescroll_dot&quot;:&quot;yes&quot;}\">\n\t\t\t\t\t<div class=\"e-con-inner\">\n\t\t\t\t<div class=\"elementor-element elementor-element-1754516 elementor-widget elementor-widget-image\" data-id=\"1754516\" data-element_type=\"widget\" data-e-type=\"widget\" data-settings=\"{&quot;ekit_we_effect_on&quot;:&quot;none&quot;}\" data-widget_type=\"image.default\">\n\t\t\t\t\t\t\t\t\t\t\t\t\t\t\t<img fetchpriority=\"high\" decoding=\"async\" width=\"958\" height=\"539\" src=\"https:\/\/apartments-chania.gr\/wp-content\/uploads\/2025\/10\/1122.jpg\" class=\"attachment-full size-full wp-image-3181\" alt=\"\" srcset=\"https:\/\/apartments-chania.gr\/wp-content\/uploads\/2025\/10\/1122.jpg 958w, https:\/\/apartments-chania.gr\/wp-content\/uploads\/2025\/10\/1122-300x169.jpg 300w, https:\/\/apartments-chania.gr\/wp-content\/uploads\/2025\/10\/1122-768x432.jpg 768w, https:\/\/apartments-chania.gr\/wp-content\/uploads\/2025\/10\/1122-18x10.jpg 18w\" sizes=\"(max-width: 958px) 100vw, 958px\" \/>\t\t\t\t\t\t\t\t\t\t\t\t\t\t\t<\/div>\n\t\t\t\t<div class=\"elementor-element elementor-element-a81e20c elementor-widget elementor-widget-heading\" data-id=\"a81e20c\" data-element_type=\"widget\" data-e-type=\"widget\" data-settings=\"{&quot;ekit_we_effect_on&quot;:&quot;none&quot;}\" data-widget_type=\"heading.default\">\n\t\t\t\t\t<h2 class=\"elementor-heading-title elementor-size-default\">Cookies-Richtlinie<\/h2>\t\t\t\t<\/div>\n\t\t\t\t<div class=\"elementor-element elementor-element-e0c0488 elementor-widget elementor-widget-text-editor\" data-id=\"e0c0488\" data-element_type=\"widget\" data-e-type=\"widget\" data-settings=\"{&quot;ekit_we_effect_on&quot;:&quot;none&quot;}\" data-widget_type=\"text-editor.default\">\n\t\t\t\t\t\t\t\t\t<p data-start=\"4192\" data-end=\"4427\"><strong data-start=\"4192\" data-end=\"4216\">1. Was sind Cookies?<\/strong><br data-start=\"4216\" data-end=\"4219\" \/>Cookies sind kleine Textdateien, die Ihr Browser auf Ihrem Ger\u00e4t (Computer, Mobiltelefon) speichert. Sie helfen Websites dabei, sich Informationen \u00fcber Ihren Besuch zu merken, was Ihren n\u00e4chsten Besuch einfacher und die Website n\u00fctzlicher machen kann.<\/p><p data-start=\"4429\" data-end=\"4461\"><strong data-start=\"4429\" data-end=\"4459\">2. Arten von Cookies, die wir verwenden<\/strong><\/p><ul data-start=\"4463\" data-end=\"4861\"><li data-start=\"4463\" data-end=\"4569\"><p data-start=\"4465\" data-end=\"4569\"><strong data-start=\"4465\" data-end=\"4495\">Unbedingt erforderliche Cookies<\/strong>: essential for basic website functions (e.g. session, login, security).<\/p><\/li><li data-start=\"4570\" data-end=\"4682\"><p data-start=\"4572\" data-end=\"4682\"><strong data-start=\"4572\" data-end=\"4607\">Leistungs-\/Analyse-Cookies<\/strong>: allow us to analyze site usage and performance (e.g. Google Analytics).<\/p><\/li><li data-start=\"4683\" data-end=\"4767\"><p data-start=\"4685\" data-end=\"4767\"><strong data-start=\"4685\" data-end=\"4707\">Funktionelle Cookies<\/strong>: remember choices you make (language preference, region).<\/p><\/li><li data-start=\"4768\" data-end=\"4861\"><p data-start=\"4770\" data-end=\"4861\"><strong data-start=\"4770\" data-end=\"4805\">Cookies f\u00fcr Marketingzwecke<\/strong>: used to deliver relevant ads and track ad performance.<\/p><\/li><\/ul><p data-start=\"4863\" data-end=\"4909\"><strong data-start=\"4863\" data-end=\"4888\">3. Wie wir Cookies verwenden<\/strong><br data-start=\"4888\" data-end=\"4891\" \/>We use cookies to:<\/p><ul data-start=\"4911\" data-end=\"5097\"><li data-start=\"4911\" data-end=\"4966\"><p data-start=\"4913\" data-end=\"4966\">Aktivieren Sie die Kernfunktionen der Site (wesentliche Dienste).<\/p><\/li><li data-start=\"4967\" data-end=\"5019\"><p data-start=\"4969\" data-end=\"5019\">Verstehen, wie Besucher unsere Website nutzen, und sie verbessern<\/p><\/li><li data-start=\"5020\" data-end=\"5049\"><p data-start=\"5022\" data-end=\"5049\">Merken Sie sich Ihre Pr\u00e4ferenzen<\/p><\/li><li data-start=\"5050\" data-end=\"5097\"><p data-start=\"5052\" data-end=\"5097\">Relevante Angebote oder Inhalte von Drittanbietern anzeigen<\/p><\/li><\/ul><p data-start=\"5099\" data-end=\"5291\" class=\" translation-block\"><strong data-start=\"5099\" data-end=\"5125\">4. Cookies von Drittanbietern<\/strong><br data-start=\"5125\" data-end=\"5128\">Wir k\u00f6nnen Drittanbietern (z. B. Analyseanbietern, Social-Media-Plattformen) erlauben, Cookies auf Ihrem Ger\u00e4t zu platzieren. Ihre Verwendung unterliegt den jeweiligen Datenschutzrichtlinien dieser Drittanbieter.<\/p><p data-start=\"5293\" data-end=\"5517\" class=\" translation-block\"><strong data-start=\"5293\" data-end=\"5319\">5. Ihre Cookie-Einstellungen<\/strong><br data-start=\"5319\" data-end=\"5322\">Sie k\u00f6nnen Cookies \u00fcber Ihre Browsereinstellungen steuern und\/oder l\u00f6schen. Sie k\u00f6nnen nicht notwendige Cookies (z. B. Performance-Cookies, Targeting-Cookies) ablehnen. Das Deaktivieren einiger Cookies kann jedoch die Funktionalit\u00e4t der Website beeintr\u00e4chtigen.<\/p><p data-start=\"5519\" data-end=\"5683\" class=\" translation-block\"><strong data-start=\"5519\" data-end=\"5542\">6. Weitere Informationen<\/strong><br data-start=\"5542\" data-end=\"5545\">Um mehr \u00fcber Cookies und deren Verwaltung zu erfahren, besuchen Sie <a class=\"decorated-link cursor-pointer\" target=\"_new\" rel=\"noopener\" data-start=\"5603\" data-end=\"5652\">aboutcookies.org<\/a><\/p>\t\t\t\t\t\t\t\t<\/div>\n\t\t\t\t\t<\/div>\n\t\t\t\t<\/div>\n\t\t\t\t<\/div>","protected":false},"excerpt":{"rendered":"<p>Cookies Policy 1. What Are Cookies?Cookies are small text files stored on your device (computer, mobile) by your browser. They help websites remember information about your visit, which can make your next visit easier and the site more useful. 2. Types of Cookies We Use Strictly Necessary Cookies: essential for basic website functions (e.g. session, [&hellip;]<\/p>\n","protected":false},"author":1,"featured_media":0,"parent":0,"menu_order":0,"comment_status":"closed","ping_status":"closed","template":"","meta":{"footnotes":""},"class_list":["post-3144","page","type-page","status-publish","hentry"],"_links":{"self":[{"href":"https:\/\/apartments-chania.gr\/de\/wp-json\/wp\/v2\/pages\/3144","targetHints":{"allow":["GET"]}}],"collection":[{"href":"https:\/\/apartments-chania.gr\/de\/wp-json\/wp\/v2\/pages"}],"about":[{"href":"https:\/\/apartments-chania.gr\/de\/wp-json\/wp\/v2\/types\/page"}],"author":[{"embeddable":true,"href":"https:\/\/apartments-chania.gr\/de\/wp-json\/wp\/v2\/users\/1"}],"replies":[{"embeddable":true,"href":"https:\/\/apartments-chania.gr\/de\/wp-json\/wp\/v2\/comments?post=3144"}],"version-history":[{"count":55,"href":"https:\/\/apartments-chania.gr\/de\/wp-json\/wp\/v2\/pages\/3144\/revisions"}],"predecessor-version":[{"id":3358,"href":"https:\/\/apartments-chania.gr\/de\/wp-json\/wp\/v2\/pages\/3144\/revisions\/3358"}],"wp:attachment":[{"href":"https:\/\/apartments-chania.gr\/de\/wp-json\/wp\/v2\/media?parent=3144"}],"curies":[{"name":"wp","href":"https:\/\/api.w.org\/{rel}","templated":true}]}}